{"id":11,"date":"2017-09-27T13:05:53","date_gmt":"2017-09-27T13:05:53","guid":{"rendered":"http:\/\/www.yenikocplastik.com\/?page_id=11"},"modified":"2017-09-28T07:41:52","modified_gmt":"2017-09-28T07:41:52","slug":"institutional","status":"publish","type":"page","link":"https:\/\/www.yenikocplastik.com\/en\/institutional\/","title":{"rendered":"Institutional"},"content":{"rendered":"<p>Our company has been established with the name of <strong>YEN\u0130 KO\u00c7 PLAST\u0130K PET ve KUYUMCULUK \u00dcR\u00dcNLER\u0130 SAN. ve T\u0130C. LTD. \u015eT\u0130.<\/strong> in 1981 and is proud of beeing one of the leader companies in the sector with its yearly increasing production capacity. With qualified services, professional staff and experience of years, costumer satisfaction is in the foreground.<\/p>\n<p>Our company, with a wide range of products, makes delivery on time a rule by performing raw materials, plastic industrial jerrycans, glassware herrycanss, pet jars, types of cover, types of preform and special demanded products meticulously.<\/p>\n<p>Sincerely,<\/p>\n<p>YEN\u0130KO\u00c7 PLAST\u0130K<\/p>\n","protected":false},"excerpt":{"rendered":"<p>Our company has been established with the name of YEN\u0130 KO\u00c7 PLAST\u0130K PET ve KUYUMCULUK \u00dcR\u00dcNLER\u0130 SAN. ve T\u0130C. LTD. \u015eT\u0130. in 1981 and is proud of beeing one of the leader companies in the sector with its yearly increasing production capacity. With qualified services, professional staff and experience of years, costumer satisfaction is in [&hellip;]<\/p>\n","protected":false},"author":1,"featured_media":0,"parent":0,"menu_order":0,"comment_status":"closed","ping_status":"closed","template":"","meta":[],"acf":[],"_links":{"self":[{"href":"https:\/\/www.yenikocplastik.com\/en\/wp-json\/wp\/v2\/pages\/11"}],"collection":[{"href":"https:\/\/www.yenikocplastik.com\/en\/wp-json\/wp\/v2\/pages"}],"about":[{"href":"https:\/\/www.yenikocplastik.com\/en\/wp-json\/wp\/v2\/types\/page"}],"author":[{"embeddable":true,"href":"https:\/\/www.yenikocplastik.com\/en\/wp-json\/wp\/v2\/users\/1"}],"replies":[{"embeddable":true,"href":"https:\/\/www.yenikocplastik.com\/en\/wp-json\/wp\/v2\/comments?post=11"}],"version-history":[{"count":0,"href":"https:\/\/www.yenikocplastik.com\/en\/wp-json\/wp\/v2\/pages\/11\/revisions"}],"wp:attachment":[{"href":"https:\/\/www.yenikocplastik.com\/en\/wp-json\/wp\/v2\/media?parent=11"}],"curies":[{"name":"wp","href":"https:\/\/api.w.org\/{rel}","templated":true}]}}